{"id":966,"date":"2021-04-15T12:41:26","date_gmt":"2021-04-15T12:41:26","guid":{"rendered":"http:\/\/homybest.com\/?post_type=product&#038;p=966"},"modified":"2021-07-24T12:50:12","modified_gmt":"2021-07-24T12:50:12","slug":"lego-sofa-set-31-bed-option","status":"publish","type":"product","link":"https:\/\/homybest.com\/?product=lego-sofa-set-31-bed-option","title":{"rendered":"LEGO Sofa Set 3+1 Bed Option"},"content":{"rendered":"<table class=\"table\">\n<tbody id=\"producttables\" class=\"desctab\">\n<tr>\n<td>Set Content<\/td>\n<td>1 x 3 seater\u00a0 + 1 x Armchair<\/td>\n<\/tr>\n<tr>\n<td>Fabric Content<\/td>\n<td>Poli\u00fcretan ve akrilik t\u00fcrevlerinden olu\u015fan polyester i\u00e7erikli kuma\u015f kullan\u0131lm\u0131\u015ft\u0131r.<\/td>\n<\/tr>\n<tr>\n<td>Fabric Type<\/td>\n<td>Keten dokulu kuma\u015f kullan\u0131lm\u0131\u015ft\u0131r.<\/td>\n<\/tr>\n<tr>\n<td>Function<\/td>\n<td>Yatakl\u0131,Sand\u0131kl\u0131<\/td>\n<\/tr>\n<tr>\n<td>Skeleton Material<\/td>\n<td>Kay\u0131n a\u011fac\u0131 ve metal profilden \u00fcretilmi\u015ftir.<\/td>\n<\/tr>\n<tr>\n<td>Sitting<\/td>\n<td>Orta Sert<\/td>\n<\/tr>\n<tr>\n<td>Sitting Cushion Material<\/td>\n<td>32 DNS Sponge<\/td>\n<\/tr>\n<tr>\n<td>Back Cushion Material<\/td>\n<td>%70 nonwoven, %30 loose sponge.<\/td>\n<\/tr>\n<tr>\n<td>Leg Color<\/td>\n<td>Walnut<\/td>\n<\/tr>\n<tr>\n<td>Leg Type<\/td>\n<td>High<\/td>\n<\/tr>\n<tr>\n<td><\/td>\n<td><\/td>\n<\/tr>\n<tr>\n<td>Back Type<\/td>\n<td>Back Cushion<\/td>\n<\/tr>\n<tr>\n<td>Sofa Bed Size<\/td>\n<td>120x190cm<\/td>\n<\/tr>\n<tr>\n<td>Kuma\u015f Bak\u0131m\/Temizlik \u00d6nerisi<\/td>\n<td>Silinebilir veya kuru temizleme yap\u0131labilir.<\/td>\n<\/tr>\n<tr>\n<td>2 Seater Width<\/td>\n<td>170<\/td>\n<\/tr>\n<tr>\n<td>3 Seater Width<\/td>\n<td>232<\/td>\n<\/tr>\n<tr>\n<td>Armchair Width<\/td>\n<td>76<\/td>\n<\/tr>\n<tr>\n<td>Product Type<\/td>\n<td>Sofa Sets<\/td>\n<\/tr>\n<tr>\n<td>Delivery Time<\/td>\n<td>45 Days\u00a0 to HomyBest Warehouse<\/td>\n<\/tr>\n<\/tbody>\n<\/table>\n","protected":false},"excerpt":{"rendered":"<p>Set Content 1 x 3 seater\u00a0 + 1 x Armchair Fabric Content Poli\u00fcretan ve akrilik t\u00fcrevlerinden olu\u015fan polyester i\u00e7erikli kuma\u015f kullan\u0131lm\u0131\u015ft\u0131r. Fabric Type Keten dokulu kuma\u015f kullan\u0131lm\u0131\u015ft\u0131r. Function Yatakl\u0131,Sand\u0131kl\u0131 Skeleton Material Kay\u0131n a\u011fac\u0131 ve metal profilden \u00fcretilmi\u015ftir. Sitting Orta Sert Sitting Cushion Material 32 DNS Sponge Back Cushion Material %70 nonwoven, %30 loose sponge. Leg&hellip;<\/p>\n","protected":false},"featured_media":967,"comment_status":"open","ping_status":"closed","template":"","meta":[],"yoast_head":"<!-- This site is optimized with the Yoast SEO plugin v16.4 - https:\/\/yoast.com\/wordpress\/plugins\/seo\/ -->\n<title>LEGO Sofa Set 3+1 Bed Option - Homybest<\/title>\n<meta name=\"robots\" content=\"index, follow, max-snippet:-1, max-image-preview:large, max-video-preview:-1\" \/>\n<link rel=\"canonical\" href=\"https:\/\/homybest.com\/?product=lego-sofa-set-31-bed-option\" \/>\n<meta property=\"og:locale\" content=\"en_US\" \/>\n<meta property=\"og:type\" content=\"article\" \/>\n<meta property=\"og:title\" content=\"LEGO Sofa Set 3+1 Bed Option - Homybest\" \/>\n<meta property=\"og:description\" content=\"Set Content 1 x 3 seater\u00a0 + 1 x Armchair Fabric Content Poli\u00fcretan ve akrilik t\u00fcrevlerinden olu\u015fan polyester i\u00e7erikli kuma\u015f kullan\u0131lm\u0131\u015ft\u0131r. Fabric Type Keten dokulu kuma\u015f kullan\u0131lm\u0131\u015ft\u0131r. Function Yatakl\u0131,Sand\u0131kl\u0131 Skeleton Material Kay\u0131n a\u011fac\u0131 ve metal profilden \u00fcretilmi\u015ftir. Sitting Orta Sert Sitting Cushion Material 32 DNS Sponge Back Cushion Material %70 nonwoven, %30 loose sponge. Leg&hellip;\" \/>\n<meta property=\"og:url\" content=\"https:\/\/homybest.com\/?product=lego-sofa-set-31-bed-option\" \/>\n<meta property=\"og:site_name\" content=\"Homybest\" \/>\n<meta property=\"article:publisher\" content=\"https:\/\/www.facebook.com\/homybest\" \/>\n<meta property=\"article:modified_time\" content=\"2021-07-24T12:50:12+00:00\" \/>\n<meta property=\"og:image\" content=\"http:\/\/homybest.com\/wp-content\/uploads\/2021\/04\/MH3-455.jpg\" \/>\n\t<meta property=\"og:image:width\" content=\"1200\" \/>\n\t<meta property=\"og:image:height\" content=\"666\" \/>\n<meta name=\"twitter:card\" content=\"summary_large_image\" \/>\n<meta name=\"twitter:label1\" content=\"Est. reading time\" \/>\n\t<meta name=\"twitter:data1\" content=\"1 minute\" \/>\n<script type=\"application\/ld+json\" class=\"yoast-schema-graph\">{\"@context\":\"https:\/\/schema.org\",\"@graph\":[{\"@type\":\"Organization\",\"@id\":\"https:\/\/homybest.com\/#organization\",\"name\":\"HomyBest\",\"url\":\"https:\/\/homybest.com\/\",\"sameAs\":[\"https:\/\/www.facebook.com\/homybest\",\"https:\/\/www.instagram.com\/homybestfurniture\/\"],\"logo\":{\"@type\":\"ImageObject\",\"@id\":\"https:\/\/homybest.com\/#logo\",\"inLanguage\":\"en-US\",\"url\":\"http:\/\/homybest.com\/wp-content\/uploads\/2021\/03\/minilogo.png\",\"contentUrl\":\"http:\/\/homybest.com\/wp-content\/uploads\/2021\/03\/minilogo.png\",\"width\":512,\"height\":513,\"caption\":\"HomyBest\"},\"image\":{\"@id\":\"https:\/\/homybest.com\/#logo\"}},{\"@type\":\"WebSite\",\"@id\":\"https:\/\/homybest.com\/#website\",\"url\":\"https:\/\/homybest.com\/\",\"name\":\"Homybest\",\"description\":\"Turkish Furniture Worldwide\",\"publisher\":{\"@id\":\"https:\/\/homybest.com\/#organization\"},\"potentialAction\":[{\"@type\":\"SearchAction\",\"target\":\"https:\/\/homybest.com\/?s={search_term_string}\",\"query-input\":\"required name=search_term_string\"}],\"inLanguage\":\"en-US\"},{\"@type\":\"ImageObject\",\"@id\":\"https:\/\/homybest.com\/?product=lego-sofa-set-31-bed-option#primaryimage\",\"inLanguage\":\"en-US\",\"url\":\"https:\/\/homybest.com\/wp-content\/uploads\/2021\/04\/MH3-455.jpg\",\"contentUrl\":\"https:\/\/homybest.com\/wp-content\/uploads\/2021\/04\/MH3-455.jpg\",\"width\":1200,\"height\":666},{\"@type\":\"WebPage\",\"@id\":\"https:\/\/homybest.com\/?product=lego-sofa-set-31-bed-option#webpage\",\"url\":\"https:\/\/homybest.com\/?product=lego-sofa-set-31-bed-option\",\"name\":\"LEGO Sofa Set 3+1 Bed Option - Homybest\",\"isPartOf\":{\"@id\":\"https:\/\/homybest.com\/#website\"},\"primaryImageOfPage\":{\"@id\":\"https:\/\/homybest.com\/?product=lego-sofa-set-31-bed-option#primaryimage\"},\"datePublished\":\"2021-04-15T12:41:26+00:00\",\"dateModified\":\"2021-07-24T12:50:12+00:00\",\"breadcrumb\":{\"@id\":\"https:\/\/homybest.com\/?product=lego-sofa-set-31-bed-option#breadcrumb\"},\"inLanguage\":\"en-US\",\"potentialAction\":[{\"@type\":\"ReadAction\",\"target\":[\"https:\/\/homybest.com\/?product=lego-sofa-set-31-bed-option\"]}]},{\"@type\":\"BreadcrumbList\",\"@id\":\"https:\/\/homybest.com\/?product=lego-sofa-set-31-bed-option#breadcrumb\",\"itemListElement\":[{\"@type\":\"ListItem\",\"position\":1,\"item\":{\"@type\":\"WebPage\",\"@id\":\"https:\/\/homybest.com\/\",\"url\":\"https:\/\/homybest.com\/\",\"name\":\"Home\"}},{\"@type\":\"ListItem\",\"position\":2,\"item\":{\"@type\":\"WebPage\",\"@id\":\"https:\/\/homybest.com\/?page_id=753\",\"url\":\"https:\/\/homybest.com\/?page_id=753\",\"name\":\"Shop\"}},{\"@type\":\"ListItem\",\"position\":3,\"item\":{\"@id\":\"https:\/\/homybest.com\/?product=lego-sofa-set-31-bed-option#webpage\"}}]}]}<\/script>\n<!-- \/ Yoast SEO plugin. -->","_links":{"self":[{"href":"https:\/\/homybest.com\/index.php?rest_route=\/wp\/v2\/product\/966"}],"collection":[{"href":"https:\/\/homybest.com\/index.php?rest_route=\/wp\/v2\/product"}],"about":[{"href":"https:\/\/homybest.com\/index.php?rest_route=\/wp\/v2\/types\/product"}],"replies":[{"embeddable":true,"href":"https:\/\/homybest.com\/index.php?rest_route=%2Fwp%2Fv2%2Fcomments&post=966"}],"wp:featuredmedia":[{"embeddable":true,"href":"https:\/\/homybest.com\/index.php?rest_route=\/wp\/v2\/media\/967"}],"wp:attachment":[{"href":"https:\/\/homybest.com\/index.php?rest_route=%2Fwp%2Fv2%2Fmedia&parent=966"}],"curies":[{"name":"wp","href":"https:\/\/api.w.org\/{rel}","templated":true}]}}